{"id":23,"date":"2018-03-01T11:24:32","date_gmt":"2018-03-01T11:24:32","guid":{"rendered":"http:\/\/wp2.commonsupport.com\/newwp\/minipo\/?page_id=23"},"modified":"2026-01-29T20:15:28","modified_gmt":"2026-01-29T20:15:28","slug":"about-us","status":"publish","type":"page","link":"https:\/\/marcelaiturralde.com\/index.php\/about-us\/","title":{"rendered":"ACERCA DE M\u00cd"},"content":{"rendered":"<p><section class=\"kc-elm kc-css-568848 kc_row\"><div class=\"kc-row-container  kc-container\"><div class=\"kc-wrap-columns\"><div class=\"kc-elm kc-css-204966 kc_col-sm-12 kc_column kc_col-sm-12\"><div class=\"kc-col-container\"><div class=\"kc-elm kc-css-964144 kc-raw-code\"><center>\r\n<div style=\"width: 100%; max-width: 1200px; margin: 0 auto; padding: 40px 20px; box-sizing: border-box; font-family: 'Open Sans', sans-serif; background-color: #ffffff; color: #444;\">\r\n    \r\n    <div style=\"display: flex; flex-wrap: wrap; align-items: center; justify-content: center; gap: 40px;\">\r\n        \r\n        <!-- Imagen principal -->\r\n        <div style=\"flex: 1 1 400px; max-width: 500px;\">\r\n            <img decoding=\"async\" src=\"http:\/\/marcelaiturralde.com\/wp-content\/uploads\/2018\/03\/fotoM.jpg\" alt=\"Artista\" style=\"width: 100%; height: auto; box-shadow: 0 4px 12px rgba(0,0,0,0.1);\">\r\n        <\/div>\r\n\r\n        <!-- Texto descriptivo -->\r\n        <div style=\"max-width: 600px; text-align: left;\">\r\n            <p style=\"font-size: 14px; line-height: 1.8; color: #444;\">\r\n                Desde temprana edad mostr\u00f3 un marcado <br>inter\u00e9s por el dibujo y las artes, lo que la llev\u00f3 a <br>estudiar la carrera de Dise\u00f1o Gr\u00e1fico, profesi\u00f3n <br>que ejerci\u00f3 durante varios a\u00f1os. Sin embargo, en <br>los \u00faltimos tiempos ha evolucionado <br>profesionalmente, dedic\u00e1ndose por completo al <br>arte, creando piezas que expresan y comparten <br>emociones a trav\u00e9s de diversas t\u00e9cnicas.\r\n            <\/p>\r\n            <br>\r\n            <p style=\"font-size: 14px; line-height: 1.8; color: #444;\">\r\n                A lo largo de su trayectoria, ha enriquecido su <br>pr\u00e1ctica mediante la participaci\u00f3n en talleres y <br>cursos especializados. Su obra, de un estilo <br>profundamente introspectivo, indaga en los <br>paisajes emocionales que nos conforman como <br>seres humanos. Con una fusi\u00f3n de delicadeza y <br>fortaleza, sus piezas invitan a la contemplaci\u00f3n, <br>envolviendo al espectador en narrativas llenas <br>de significado y sentimiento.\r\n            <\/p>\r\n            <br>\r\n            <p style=\"font-size: 14px; line-height: 1.8; color: #444;\">\r\n                <strong>Su serie m\u00e1s reciente, <em>\u00abReflejos del Alma\u00bb<\/em>, ofrece <br>una mirada \u00edntima y po\u00e9tica a las memorias, <br>anhelos y v\u00ednculos humanos. Esta exposici\u00f3n <br>representa un hito en su carrera, proyectando su <br>trabajo hacia un p\u00fablico m\u00e1s amplio y <br>consolidando su presencia dentro de la escena <br>art\u00edstica emergente en M\u00e9xico.<\/strong>\r\n            <\/p>\r\n        <\/div>\r\n\r\n    <\/div>\r\n\r\n<\/div>\r\n<\/center><\/div><\/div><\/div><\/div><\/div><\/section><section class=\"kc-elm kc-css-780809 kc_row\"><div class=\"kc-row-container\"><div class=\"kc-wrap-columns\"><div class=\"kc-elm kc-css-903136 kc_col-sm-12 kc_column kc_col-sm-12\"><div class=\"kc-col-container\"><div class=\"kc-elm kc-css-710195 kc-raw-code\"><center>\r\n  <div style=\"margin-top: 30px; width: 100%; background-color: #444; padding: 60px 20px; box-sizing: border-box;\">\r\n    <p style=\"margin: 0 auto; max-width: 800px; text-align: center; font-size: 28px; font-family: 'Open Sans', sans-serif; color: #ffffff; line-height: 1.6;\">\r\n      \u201cCada obra es un paso en mi viaje por las artes para<br>expresar un lenguaje propio\u201d\r\n    <\/p>\r\n  <\/div>\r\n<\/center><\/div><\/div><\/div><\/div><\/div><\/section><section class=\"kc-elm kc-css-18891 kc_row\"><div class=\"kc-row-container\"><div class=\"kc-wrap-columns\"><div class=\"kc-elm kc-css-282873 kc_col-sm-12 kc_column kc_col-sm-12\"><div class=\"kc-col-container\"><div class=\"kc-elm kc-css-430458 kc-raw-code\"><center>\r\n<div class=\"container\" style=\"width: 100%;  margin: 0 auto; padding: 40px 20px; box-sizing: border-box; font-family: 'Open Sans', sans-serif; background-color: #f6f6f6; color: #666;\">\r\n    <div class=\"gallery\" style=\"display: flex; justify-content: center; align-items: flex-start; gap: 0px; margin-top: 60px; margin-bottom: 40px;\">\r\n        <div class=\"main-image-container\" style=\"width: 48%; max-width: 420px;\">\r\n            <img decoding=\"async\" src=\"http:\/\/marcelaiturralde.com\/wp-content\/uploads\/2025\/05\/marcela1.jpg\" alt=\"Marcela Iturralde\" class=\"main-image\" style=\"width: 100%; height: auto; display: block;\">\r\n        <\/div>\r\n        <div class=\"side-images\" style=\"display: flex; flex-direction: column; gap: 8px; width: 32%; margin-left: -45px;\">\r\n            <div class=\"side-image-container\" style=\"height: calc(50% - 5px); display: flex; align-items: center; justify-content: center;\">\r\n                <img decoding=\"async\" src=\"http:\/\/marcelaiturralde.com\/wp-content\/uploads\/2018\/03\/002SUMERGIENDOelalma.jpg\" alt=\"Obra 1\" class=\"side-image\" style=\"max-width: 100%; max-height: 100%; width: auto; height: auto; display: block;\">\r\n            <\/div>\r\n            <div class=\"side-image-container\" style=\"height: calc(50% - 5px); display: flex; align-items: center; justify-content: center;\">\r\n                <img decoding=\"async\" src=\"http:\/\/marcelaiturralde.com\/wp-content\/uploads\/2025\/03\/003emergiendo.jpg\" alt=\"Obra 2\" class=\"side-image\" style=\"max-width: 100%; max-height: 100%; width: auto; height: auto; display: block;\">\r\n            <\/div>\r\n        <\/div>\r\n    <\/div>\r\n    \r\n<\/div>\r\n<\/center>\r\n\r\n<style>\r\n    \/* Estilos responsivos para la galer\u00eda *\/\r\n    @media (max-width: 768px) {\r\n        .gallery {\r\n            flex-direction: column !important;\r\n            align-items: center !important;\r\n            gap: 20px !important;\r\n            margin-top: 30px !important;\r\n        }\r\n        \r\n        .main-image-container {\r\n            width: 90% !important;\r\n            max-width: 100% !important;\r\n        }\r\n        \r\n        .side-images {\r\n            width: 90% !important;\r\n            margin-left: 0 !important;\r\n            flex-direction: row !important;\r\n            gap: 10px !important;\r\n        }\r\n        \r\n        .side-image-container {\r\n            width: calc(50% - 5px) !important;\r\n            height: auto !important;\r\n        }\r\n        \r\n        .container {\r\n            padding: 20px 10px !important;\r\n        }\r\n    }\r\n    \r\n    @media (max-width: 480px) {\r\n        .gallery {\r\n            margin-top: 20px !important;\r\n        }\r\n    }\r\n<\/style>\r\n\r\n<script>\r\n    window.addEventListener('load', function() {\r\n        const mainImage = document.querySelector('.main-image');\r\n        const sideImages = document.querySelector('.side-images');\r\n        const sideImageContainers = document.querySelectorAll('.side-image-container');\r\n        \r\n        function adjustHeights() {\r\n            \/\/ Solo ajustar alturas en pantallas grandes\r\n            if (window.innerWidth > 768) {\r\n                const mainHeight = mainImage.offsetHeight;\r\n                sideImages.style.height = mainHeight + 'px';\r\n                const containerHeight = (mainHeight - 10) \/ 2;\r\n                sideImageContainers.forEach(container => {\r\n                    container.style.height = containerHeight + 'px';\r\n                });\r\n            } else {\r\n                \/\/ Resetear alturas en m\u00f3vil\r\n                sideImages.style.height = 'auto';\r\n                sideImageContainers.forEach(container => {\r\n                    container.style.height = 'auto';\r\n                });\r\n            }\r\n        }\r\n        \r\n        adjustHeights();\r\n        window.addEventListener('resize', adjustHeights);\r\n    });\r\n<\/script><\/div><\/div><\/div><\/div><\/div><\/section><\/p>\n","protected":false},"excerpt":{"rendered":"","protected":false},"author":1,"featured_media":0,"parent":0,"menu_order":0,"comment_status":"closed","ping_status":"closed","template":"tpl-visual_composer.php","meta":{"footnotes":""},"class_list":["post-23","page","type-page","status-publish","hentry"],"_links":{"self":[{"href":"https:\/\/marcelaiturralde.com\/index.php\/wp-json\/wp\/v2\/pages\/23","targetHints":{"allow":["GET"]}}],"collection":[{"href":"https:\/\/marcelaiturralde.com\/index.php\/wp-json\/wp\/v2\/pages"}],"about":[{"href":"https:\/\/marcelaiturralde.com\/index.php\/wp-json\/wp\/v2\/types\/page"}],"author":[{"embeddable":true,"href":"https:\/\/marcelaiturralde.com\/index.php\/wp-json\/wp\/v2\/users\/1"}],"replies":[{"embeddable":true,"href":"https:\/\/marcelaiturralde.com\/index.php\/wp-json\/wp\/v2\/comments?post=23"}],"version-history":[{"count":9,"href":"https:\/\/marcelaiturralde.com\/index.php\/wp-json\/wp\/v2\/pages\/23\/revisions"}],"predecessor-version":[{"id":993,"href":"https:\/\/marcelaiturralde.com\/index.php\/wp-json\/wp\/v2\/pages\/23\/revisions\/993"}],"wp:attachment":[{"href":"https:\/\/marcelaiturralde.com\/index.php\/wp-json\/wp\/v2\/media?parent=23"}],"curies":[{"name":"wp","href":"https:\/\/api.w.org\/{rel}","templated":true}]}}